{"id":5191,"date":"2025-02-16T20:04:54","date_gmt":"2025-02-16T13:04:54","guid":{"rendered":"https:\/\/snus.vn\/?post_type=product&#038;p=5191"},"modified":"2025-03-16T11:45:11","modified_gmt":"2025-03-16T04:45:11","slug":"white-fox-full-charge-red","status":"publish","type":"product","link":"https:\/\/snus.vn\/en\/white-fox-full-charge-red\/","title":{"rendered":"White Fox Full Charge Red 16mg"},"content":{"rendered":"<p>Brand: White Fox<\/p>\n<p>Flavor: Mint.<\/p>\n<p>Strength: 16mg\/ pouch.<\/p>\n<p>Number: 20 pouches<\/p>\n<p>Th\u01b0\u01a1ng hi\u1ec7u: White Fox<\/p>\n<p>H\u01b0\u01a1ng v\u1ecb: B\u1ea1c h\u00e0.<\/p>\n<p>N\u1ed3ng \u0111\u1ed9: 16mg\/t\u00fai.<\/p>\n<p>s\u1ed1 l\u01b0\u1ee3ng trong h\u1ed9p: 20 t\u00fai<\/p>","protected":false},"excerpt":{"rendered":"<p>S\u1ea3n ph\u1ea9m n\u00e0y l\u00e0 snus t\u00fai nicotine, kh\u00f4ng c\u00f3 nguy\u00ean li\u1ec7u thu\u1ed1c l\u00e1, d\u00f9ng thay th\u1ebf cho thu\u1ed1c l\u00e1 \u0111i\u1ec7n t\u1eed, thu\u1ed1c kh\u00f3i truy\u1ec1n th\u1ed1ng, \u0111\u1eb7c bi\u1ec7t l\u00e0 kh\u00f4ng kh\u00f3i, d\u00f9ng xong th\u01a1m mi\u1ec7ng, kh\u00f4ng g\u00e2y h\u1ea1i ph\u1ed5i v\u00e0 ti\u1ec7n mang, ti\u1ec7n d\u00f9ng t\u1ea1i b\u1ea5t c\u1ee9 \u0111\u00e2u, ngay c\u1ea3 trong ph\u00f2ng \u0111i\u1ec1u ho\u00e0 hay c\u00f4ng s\u1edf, an to\u00e0n v\u1edbi ng\u01b0\u1eddi xung quanh \u1ea1.<\/p>\n<p>&nbsp;<\/p>","protected":false},"featured_media":5192,"comment_status":"open","ping_status":"closed","template":"","meta":[],"product_brand":[285],"product_cat":[286],"product_tag":[],"class_list":{"0":"post-5191","1":"product","2":"type-product","3":"status-publish","4":"has-post-thumbnail","6":"product_brand-white-fox","7":"product_cat-16mg-pouch","9":"first","10":"instock","11":"sale","12":"shipping-taxable","13":"purchasable","14":"product-type-simple"},"_links":{"self":[{"href":"https:\/\/snus.vn\/en\/wp-json\/wp\/v2\/product\/5191","targetHints":{"allow":["GET"]}}],"collection":[{"href":"https:\/\/snus.vn\/en\/wp-json\/wp\/v2\/product"}],"about":[{"href":"https:\/\/snus.vn\/en\/wp-json\/wp\/v2\/types\/product"}],"replies":[{"embeddable":true,"href":"https:\/\/snus.vn\/en\/wp-json\/wp\/v2\/comments?post=5191"}],"wp:featuredmedia":[{"embeddable":true,"href":"https:\/\/snus.vn\/en\/wp-json\/wp\/v2\/media\/5192"}],"wp:attachment":[{"href":"https:\/\/snus.vn\/en\/wp-json\/wp\/v2\/media?parent=5191"}],"wp:term":[{"taxonomy":"product_brand","embeddable":true,"href":"https:\/\/snus.vn\/en\/wp-json\/wp\/v2\/product_brand?post=5191"},{"taxonomy":"product_cat","embeddable":true,"href":"https:\/\/snus.vn\/en\/wp-json\/wp\/v2\/product_cat?post=5191"},{"taxonomy":"product_tag","embeddable":true,"href":"https:\/\/snus.vn\/en\/wp-json\/wp\/v2\/product_tag?post=5191"}],"curies":[{"name":"wp","href":"https:\/\/api.w.org\/{rel}","templated":true}]}}