{"id":5725,"date":"2025-08-03T14:07:01","date_gmt":"2025-08-03T07:07:01","guid":{"rendered":"https:\/\/snus.vn\/?post_type=product&#038;p=5725"},"modified":"2025-11-22T08:45:29","modified_gmt":"2025-11-22T01:45:29","slug":"snun-velo-peppermint-storm-14mg-huong-bac-ha-manh-me","status":"publish","type":"product","link":"https:\/\/snus.vn\/en\/snun-velo-peppermint-storm-14mg-huong-bac-ha-manh-me\/","title":{"rendered":"Snun Velo Peppermint Storm 14mg 5 dots h\u01b0\u01a1ng B\u1ea1c h\u00e0 m\u1ea1nh m\u1ebd"},"content":{"rendered":"<p>S\u1ea3n ph\u1ea9m Snus h\u01b0\u01a1ng v\u1ecb h\u00fang l\u1ee7i, h\u00fang l\u00e1ng, Qu\u1ea3 vi\u1ec7t qu\u1ea5t \u0111\u01b0\u1ee3c k\u1ebft h\u1ee3p v\u00e0o t\u00fai nicotine Velo Mighty Peppermint 14mg<\/p>\n<h2>Th\u00f4ng tin h\u1ed9p Snus t\u00fai ng\u1eadm Nicotine Velo Peppermint Storm 14mg h\u01b0\u01a1ng B\u1ea1c h\u00e0 m\u1ea1nh m\u1ebd:<\/h2>\n<ul>\n<li>Age of use: <strong>Ng\u01b0\u1eddi l\u1edbn \u0111\u1ee7 18 tu\u1ed5i tr\u1edf l\u00ean<\/strong><\/li>\n<li>Brand: <strong>Velo<\/strong><\/li>\n<li>Pack: <strong>20 pouch<\/strong><\/li>\n<li>Weight of 1 small bag: <strong>0.7<\/strong><strong>g\/t\u00fai<\/strong><\/li>\n<li>Nicotine content:<strong> 14 mg\/t\u00fai<\/strong><\/li>\n<li>Flavor\/Taste: <strong>Tr\u00e1i c\u00e2y\/ B\u1ea1c h\u00e0 m\u1ea1nh m\u1ebd\u00a0<\/strong><\/li>\n<li>Made in: <strong>Sweden<\/strong><\/li>\n<li>Safety level for people around: <strong>99.9%<\/strong><\/li>\n<\/ul>\n<h2>H\u01b0\u1edbng d\u1eabn s\u1eed d\u1ee5ng s\u1ea3n ph\u1ea9m Velo Peppermint Storm 14mg<\/h2>\n<ol class=\"X5LH0c\">\n<li class=\"TrT0Xe\">Chu\u1ea9n b\u1ecb tinh th\u1ea7n: Tr\u01b0\u1edbc khi\u00a0s\u1eed d\u1ee5ng t\u00fai nicotine, h\u00e3y \u0111\u1ea3m b\u1ea3o r\u1eeda tay k\u1ef9 b\u1eb1ng x\u00e0 ph\u00f2ng v\u00e0 n\u01b0\u1edbc, tr\u00e1nh xa t\u1ea7m m\u1eaft tr\u1ebb nh\u1ecf &#8230;<\/li>\n<li class=\"TrT0Xe\">\u0110\u1eb7t t\u00fai: L\u1ea5y t\u00fai v\u00e0 nh\u1eb9 nh\u00e0ng t\u00fai \u1edf m\u00f4i tr\u00ean (h\u1ea1n ch\u1ebf n\u01b0\u1edbc b\u1ecdn ng\u1ea5m v\u00e0o t\u00fai)<\/li>\n<li class=\"TrT0Xe\">T\u1eadn h\u01b0\u1edfng tr\u1ea3i nghi\u1ec7m: \u0110\u1ec3 t\u00fai Snus gi\u1ea3i ph\u00f3ng h\u01b0\u01a1ng v\u1ecb v\u00e0 nicotine d\u1ea7n d\u1ea7n (kh\u00f4ng nhai b\u00e3)<\/li>\n<\/ol>\n<h2>V\u00e0i l\u01b0u \u00fd v\u00e0 h\u01b0\u1edbng d\u1eabn b\u1ea3o qu\u1ea3n s\u1ea3n ph\u1ea9m Snus h\u00e3ng Velo Peppermint Storm 14mg h\u01b0\u01a1ng B\u1ea1c h\u00e0 m\u1ea1nh m\u1ebd<\/h2>\n<ul>\n<li>Keep out of reach of CHILDREN.<\/li>\n<li>\u0110\u00f3ng k\u00edn h\u1ed9p sau khi l\u1ea5y t\u00fai nh\u1ecf, c\u00f3 th\u1ec3 l\u1ea5y s\u1eb5n 2-3 t\u00fai nh\u1ecf \u0111\u1eb7t trong khay ngo\u00e0i \u0111\u1ec3 ti\u1ec7n l\u1ee3i h\u01a1n<\/li>\n<li>Place in a cool, dry place to avoid mold<\/li>\n<\/ul>","protected":false},"excerpt":{"rendered":"<ul>\n<li>Age of use: <strong>Ng\u01b0\u1eddi l\u1edbn \u0111\u1ee7 18 tu\u1ed5i tr\u1edf l\u00ean<\/strong><\/li>\n<li>Brand: <strong>Velo<\/strong><\/li>\n<li>Pack: <strong>20 pouch<\/strong><\/li>\n<li>Weight of 1 small bag: <strong>0.7<\/strong><strong>g\/t\u00fai<\/strong><\/li>\n<li>Nicotine content:<strong> 14 mg\/t\u00fai<\/strong><\/li>\n<li>Flavor\/Taste: <strong>Tr\u00e1i c\u00e2y\/ B\u1ea1c h\u00e0 m\u1ea1nh m\u1ebd<\/strong><\/li>\n<li>Made in: <strong>Sweden<\/strong><\/li>\n<li>Safety level for people around: <strong>99.9%<\/strong><\/li>\n<\/ul>\n<p>s\u1ea3n ph\u1ea9m n\u00e0y l\u00e0 snus t\u00fai nicotine, kh\u00f4ng c\u00f3 nguy\u00ean li\u1ec7u thu\u1ed1c l\u00e1, d\u00f9ng thay th\u1ebf cho thu\u1ed1c l\u00e1 \u0111i\u1ec7n t\u1eed, thu\u1ed1c kh\u00f3i truy\u1ec1n th\u1ed1ng, \u0111\u1eb7c bi\u1ec7t l\u00e0 kh\u00f4ng kh\u00f3i, d\u00f9ng xong th\u01a1m mi\u1ec7ng, kh\u00f4ng g\u00e2y h\u1ea1i ph\u1ed5i v\u00e0 ti\u1ec7n mang, ti\u1ec7n d\u00f9ng t\u1ea1i b\u1ea5t c\u1ee9 \u0111\u00e2u, ngay c\u1ea3 trong ph\u00f2ng \u0111i\u1ec1u ho\u00e0 hay c\u00f4ng s\u1edf, an to\u00e0n v\u1edbi ng\u01b0\u1eddi xung quanh \u1ea1.<\/p>","protected":false},"featured_media":5727,"comment_status":"open","ping_status":"closed","template":"","meta":[],"product_brand":[283],"product_cat":[295,309],"product_tag":[],"class_list":{"0":"post-5725","1":"product","2":"type-product","3":"status-publish","4":"has-post-thumbnail","6":"product_brand-authentic-velo-snus-in-viet-nam","7":"product_cat-14mg-pouch-nicotine-level","8":"product_cat-velo-snus","10":"first","11":"instock","12":"sale","13":"shipping-taxable","14":"purchasable","15":"product-type-simple"},"_links":{"self":[{"href":"https:\/\/snus.vn\/en\/wp-json\/wp\/v2\/product\/5725","targetHints":{"allow":["GET"]}}],"collection":[{"href":"https:\/\/snus.vn\/en\/wp-json\/wp\/v2\/product"}],"about":[{"href":"https:\/\/snus.vn\/en\/wp-json\/wp\/v2\/types\/product"}],"replies":[{"embeddable":true,"href":"https:\/\/snus.vn\/en\/wp-json\/wp\/v2\/comments?post=5725"}],"wp:featuredmedia":[{"embeddable":true,"href":"https:\/\/snus.vn\/en\/wp-json\/wp\/v2\/media\/5727"}],"wp:attachment":[{"href":"https:\/\/snus.vn\/en\/wp-json\/wp\/v2\/media?parent=5725"}],"wp:term":[{"taxonomy":"product_brand","embeddable":true,"href":"https:\/\/snus.vn\/en\/wp-json\/wp\/v2\/product_brand?post=5725"},{"taxonomy":"product_cat","embeddable":true,"href":"https:\/\/snus.vn\/en\/wp-json\/wp\/v2\/product_cat?post=5725"},{"taxonomy":"product_tag","embeddable":true,"href":"https:\/\/snus.vn\/en\/wp-json\/wp\/v2\/product_tag?post=5725"}],"curies":[{"name":"wp","href":"https:\/\/api.w.org\/{rel}","templated":true}]}}