{"id":6251,"date":"2025-12-09T19:50:16","date_gmt":"2025-12-09T12:50:16","guid":{"rendered":"https:\/\/snus.vn\/?post_type=product&#038;p=6251"},"modified":"2025-12-10T16:05:35","modified_gmt":"2025-12-10T09:05:35","slug":"snus-cuba-black-mango-43mg-huong-qua-xoai-2","status":"publish","type":"product","link":"https:\/\/snus.vn\/en\/snus-cuba-black-mango-43mg-huong-qua-xoai-2\/","title":{"rendered":"Snus CUBA Black Mango 43mg (H\u01b0\u01a1ng Qu\u1ea3 xo\u00e0i)"},"content":{"rendered":"<p><strong><span style=\"font-size: 14pt;\">T\u1ea1i sao ch\u00fang t\u00f4i \u0111\u00e1nh gi\u00e1 cao Cuba?<\/span><\/strong><br \/>\n<span style=\"color: #008000;\"><strong>B\u1edfi v\u00ec ch\u00fang t\u00f4i l\u00e0 nh\u00e0 ph\u00e2n ph\u1ed1i ch\u00ednh th\u1ee9c v\u00e0 \u0111\u1ed9c quy\u1ec1n t\u1ea1i Vi\u1ec7t Nam, \u0111i\u1ec1u n\u00e0y \u0111\u1ed3ng ngh\u0129a v\u1edbi vi\u1ec7c ch\u1ea5t l\u01b0\u1ee3ng \u0111\u01b0\u1ee3c \u0111\u1ea3m b\u1ea3o v\u00e0 gi\u00e1 c\u1ea3 r\u1ea5t h\u1ee3p l\u00fd<\/strong>.<\/span><\/p>\n<p><span style=\"color: #800000;\"><strong><span style=\"font-size: 12pt;\">Nicotobacco<\/span><\/strong> <\/span>\u2014 nh\u00e0 s\u1ea3n xu\u1ea5t t\u00fai nicotin v\u00e0 snus. V\u1edbi c\u00e1c th\u01b0\u01a1ng hi\u1ec7u Cuba, <span style=\"color: #800000;\"><strong>White<\/strong><\/span>, <span style=\"color: #800000;\"><strong>Ninja<\/strong><\/span>, <span style=\"color: #800000;\"><strong>Black<\/strong> <\/span>v\u00e0 <span style=\"color: #800000;\"><strong>Baron<\/strong><\/span>, ch\u00fang t\u00f4i mang \u0111\u1ebfn h\u01b0\u01a1ng v\u1ecb \u0111\u1eadm \u0111\u00e0 v\u00e0 ch\u1ea5t l\u01b0\u1ee3ng h\u00e0ng \u0111\u1ea7u cho m\u1ecdi s\u1edf th\u00edch m\u1ecdi l\u00fac, m\u1ecdi n\u01a1i.<\/p>\n<p><strong><span style=\"font-size: 14pt;\">Snus Cuba<\/span><\/strong><br \/>\nT\u00fai nicotin t\u1eeb Cuba \u0111\u1ea1i di\u1ec7n cho ch\u1ea5t l\u01b0\u1ee3ng snus cao nh\u1ea5t m\u00e0 b\u1ea1n c\u00f3 th\u1ec3 nh\u00ecn th\u1ea5y, ng\u1eedi th\u1ea5y, n\u1ebfm th\u1eed, nh\u01b0ng tr\u00ean h\u1ebft l\u00e0 c\u1ea3m nh\u1eadn \u2013 b\u1edfi v\u00ec ch\u00fang mang \u0111\u1ebfn cho b\u1ea1n m\u1ed9t c\u1ea3m gi\u00e1c nicotine tuy\u1ec7t v\u1eddi ch\u01b0a t\u1eebng c\u00f3. V\u1ec1 h\u01b0\u01a1ng v\u1ecb, Cuba g\u00e2y \u1ea5n t\u01b0\u1ee3ng v\u1edbi s\u1ef1 \u0111a d\u1ea1ng \u0111\u00e1ng kinh ng\u1ea1c v\u1ec1 h\u01b0\u01a1ng v\u1ecb \u2013 d\u00f9 l\u00e0 h\u01b0\u01a1ng v\u1ecb &#8220;b\u1ea1c h\u00e0 c\u1ed5 \u0111i\u1ec3n&#8221;, &#8220;m\u1ea1nh m\u1ebd h\u01b0\u01a1ng tr\u00e1i c\u00e2y&#8221;, &#8220;m\u1ea1nh m\u1ebd h\u01b0\u01a1ng qu\u1ea3 m\u1ecdng&#8221; hay &#8220;sang tr\u1ecdng&#8221;, ch\u1eafc ch\u1eafn s\u1ebd c\u00f3 h\u01b0\u01a1ng v\u1ecb ph\u00f9 h\u1ee3p v\u1edbi t\u1ea5t c\u1ea3 m\u1ecdi ng\u01b0\u1eddi. \u0110i\u1ec3m \u0111\u1eb7c bi\u1ec7t c\u1ee7a Blackline l\u00e0 t\u00fai nicotin m\u00e0u \u0111en \u2013 m\u1ed9t \u0111i\u1ec3m nh\u1ea5n th\u1ef1c s\u1ef1 b\u1eaft m\u1eaft.<\/p>\n<p>Cho d\u00f9 l\u00e0 ng\u01b0\u1eddi h\u00fat thu\u1ed1c mu\u1ed1n b\u1ecf thu\u1ed1c l\u00e1 hay b\u1ea5t k\u1ef3 ai mu\u1ed1n th\u01b0\u1edfng th\u1ee9c nicotine \u1edf d\u1ea1ng kh\u00f4ng thu\u1ed1c l\u00e1 v\u00e0 tr\u00e1nh xa kh\u00f3i thu\u1ed1c l\u00e1 \u0111\u1ed9c h\u1ea1i \u2013 nh\u1eefng t\u00fai nicotin n\u00e0y s\u1ebd \u0111\u01b0a tr\u1ea3i nghi\u1ec7m nicotine c\u1ee7a b\u1ea1n l\u00ean m\u1ed9t t\u1ea7m cao m\u1edbi. H\u00fat thu\u1ed1c l\u00e0 chuy\u1ec7n c\u1ee7a ng\u00e0y h\u00f4m qua, Cuba l\u00e0 chuy\u1ec7n c\u1ee7a ng\u00e0y h\u00f4m nay!<\/p>\n<p><strong><span style=\"font-size: 14pt;\">Nh\u00e0 s\u1ea3n xu\u1ea5t t\u00fai nicotin Cuba<\/span><\/strong><br \/>\nNh\u00e0 s\u1ea3n xu\u1ea5t l\u00e0 <strong><span style=\"color: #800000;\">Nicotobacco Factory<\/span>,<\/strong> c\u00f3 tr\u1ee5 s\u1edf ch\u00ednh t\u1ea1i Warsaw, Ba Lan. V\u00ec quy tr\u00ecnh s\u1ea3n xu\u1ea5t, t\u1eeb kh\u00e2u pha tr\u1ed9n nguy\u00ean li\u1ec7u cho \u0111\u1ebfn th\u00e0nh ph\u1ea9m, \u0111\u1ec1u tu\u00e2n theo c\u00e1c quy \u0111\u1ecbnh nghi\u00eam ng\u1eb7t v\u00e0 m\u1ed7i b\u01b0\u1edbc \u0111\u1ec1u \u0111\u01b0\u1ee3c l\u00ean k\u1ebf ho\u1ea1ch v\u00e0 gi\u00e1m s\u00e1t t\u1ec9 m\u1ec9, t\u00fai nicotin Cuba \u0111\u01b0\u1ee3c coi l\u00e0 s\u1ea3n ph\u1ea9m ch\u1ea5t l\u01b0\u1ee3ng, n\u01a1i &#8220;tay ngh\u1ec1 th\u1ee7 c\u00f4ng snus&#8221; \u0111\u01b0\u1ee3c th\u1ec3 hi\u1ec7n \u1edf m\u1ee9c cao nh\u1ea5t.<\/p>\n<p>Nh\u00e0 s\u1ea3n xu\u1ea5t \u0111\u00e3 c\u00f3 s\u1ef1 ph\u00e1t tri\u1ec3n nhanh ch\u00f3ng, m\u1ed9t ph\u1ea7n l\u00e0 do quy m\u00f4 s\u1ea3n xu\u1ea5t \u0111\u00e3 \u0111\u01b0\u1ee3c \u0111i\u1ec1u ch\u1ec9nh trong nh\u1eefng n\u0103m g\u1ea7n \u0111\u00e2y do nhu c\u1ea7u v\u1ec1 t\u00fai nicotin Cuba t\u0103ng m\u1ea1nh. K\u1ebft qu\u1ea3 l\u00e0, c\u00e1c t\u00fai nicotin tr\u1eafng v\u00e0 \u0111en c\u1ee7a Black-Line hi\u1ec7n \u0111ang \u0111\u01b0\u1ee3c m\u1ecdi ng\u01b0\u1eddi nh\u1eafc \u0111\u1ebfn.<\/p>\n<p><strong><span style=\"font-size: 14pt;\">\u0110\u1ed9 m\u1ea1nh c\u1ee7a t\u00fai nicotin Cuba<\/span><\/strong><br \/>\n\u0110\u1ed9 m\u1ea1nh c\u1ee7a snus lu\u00f4n l\u00e0 m\u1ed9t v\u1ea5n \u0111\u1ec1 g\u00e2y tranh c\u00e3i &#8211; h\u00e0m l\u01b0\u1ee3ng nicotin th\u01b0\u1eddng cho th\u1ea5y t\u00e1c d\u1ee5ng m\u1ea1nh, nh\u01b0ng so v\u1edbi c\u00e1c s\u1ea3n ph\u1ea9m c\u00f3 h\u00e0m l\u01b0\u1ee3ng t\u01b0\u01a1ng t\u1ef1, t\u00e1c \u0111\u1ed9ng c\u00f3 th\u1ec3 kh\u00f4ng m\u1ea1nh b\u1eb1ng. Cuba th\u00ec kh\u00f4ng nh\u01b0 v\u1eady &#8211; c\u00f4ng th\u1ee9c t\u00fai nicotin \u0111\u00e3 \u0111\u01b0\u1ee3c t\u1ed1i \u01b0u h\u00f3a \u0111\u1ec3 mang l\u1ea1i c\u1ea3m gi\u00e1c th\u1ef1c s\u1ef1 h\u01b0ng ph\u1ea5n. B\u00ean c\u1ea1nh h\u00e0m l\u01b0\u1ee3ng nicotine, gi\u00e1 tr\u1ecb pH \u0111\u01b0\u1ee3c t\u1ed1i \u01b0u h\u00f3a cho kh\u1ea3 n\u0103ng h\u1ea5p th\u1ee5 nicotine v\u00e0 \u0111\u1ed9 \u1ea9m \u0111\u01b0\u1ee3c t\u0103ng c\u01b0\u1eddng trong t\u00fai \u0111\u1ea3m b\u1ea3o hi\u1ec7u \u1ee9ng c\u1ef1c m\u1ea1nh \u0111\u01b0\u1ee3c c\u1ea3m nh\u1eadn ngay sau khi \u0111\u1eb7t t\u00fai d\u01b0\u1edbi m\u00f4i tr\u00ean.<\/p>\n<p><span style=\"font-size: 14pt;\"><strong>H\u00e0m l\u01b0\u1ee3ng Nicotine trong Snus Cuba<\/strong><\/span><br \/>\nH\u00e0m l\u01b0\u1ee3ng nicotine dao \u0111\u1ed9ng t\u1eeb 16 \u0111\u1ebfn 50 mg\/g &#8211; m\u1ee9c sau \u0111\u01b0\u1ee3c khuy\u1ebfn ngh\u1ecb d\u00e0nh ri\u00eang cho ng\u01b0\u1eddi d\u00f9ng c\u00f3 kinh nghi\u1ec7m. B\u00ean c\u1ea1nh ch\u1ec9 s\u1ed1 mg\/g, gi\u00e1 tr\u1ecb mg\/t\u00fai c\u0169ng n\u00ean \u0111\u01b0\u1ee3c xem x\u00e9t, v\u00ec n\u00f3 cho bi\u1ebft l\u01b0\u1ee3ng nicotine th\u1ef1c s\u1ef1 ch\u1ee9a trong m\u1ed9t kh\u1ea9u ph\u1ea7n.<\/p>\n<p>Snus Baron \u0111\u01b0\u1ee3c coi l\u00e0 lo\u1ea1i m\u1ea1nh nh\u1ea5t, v\u1edbi 50 mg nicotine m\u1ed7i gram. Ch\u1ec9 c\u00f3 lo\u1ea1i \u0111\u1ed9c quy\u1ec1n Cuba Coca Leaf m\u1edbi c\u00f3 th\u1ec3 s\u00e1nh ngang v\u1ec1 \u0111\u1ed9 m\u1ea1nh.<\/p>\n<p><strong><span style=\"font-size: 14pt;\">H\u01b0\u01a1ng v\u1ecb Snus Cuba<\/span><\/strong><br \/>\nCho d\u00f9 b\u1ea1n th\u00edch h\u01b0\u01a1ng v\u1ecb b\u1ea1c h\u00e0\/b\u1ea1c h\u00e0 m\u00e1t l\u1ea1nh, h\u01b0\u01a1ng tr\u00e1i c\u00e2y ho\u1eb7c qu\u1ea3 m\u1ecdng ng\u1ecdt ng\u00e0o, hay h\u01b0\u01a1ng v\u1ecb \u0111\u1eadm \u0111\u00e0 h\u01a1n &#8211; Cuba cung c\u1ea5p cho b\u1ea1n \u0111a d\u1ea1ng c\u00e1c h\u01b0\u01a1ng v\u1ecb snus kh\u00e1c nhau. Trong b\u00e0i vi\u1ebft tr\u00ean blog: Snus v\u1edbi h\u01b0\u01a1ng v\u1ecb &#8211; T\u1ed5ng quan v\u00e0 Xu h\u01b0\u1edbng hi\u1ec7n t\u1ea1i, ch\u00fang t\u00f4i cung c\u1ea5p cho b\u1ea1n m\u1ed9t h\u01b0\u1edbng d\u1eabn ng\u1eafn g\u1ecdn c\u00f3 th\u1ec3 gi\u00fap b\u1ea1n ch\u1ecdn \u0111\u00fang h\u01b0\u01a1ng v\u1ecb ph\u00f9 h\u1ee3p v\u1edbi m\u00ecnh.<\/p>\n<p><strong>Keep out of reach of CHILDREN.<\/strong><br \/>\n\u0110\u00f3ng k\u00edn h\u1ed9p sau khi l\u1ea5y t\u00fai nh\u1ecf, c\u00f3 th\u1ec3 l\u1ea5y s\u1eb5n 2-3 t\u00fai nh\u1ecf \u0111\u1eb7t trong khay ngo\u00e0i \u0111\u1ec3 thu\u1eadn l\u1ee3i h\u01a1n<br \/>\n\u0110\u1eb7t \u1edf n\u01a1i kh\u00f4 m\u00e1t, tr\u00e1nh b\u1ecb \u1ea9m<\/p>","protected":false},"excerpt":{"rendered":"<ul>\n<li><strong>\u0110\u1ed9 tu\u1ed5i s\u1eed d\u1ee5n<\/strong>g: Ng\u01b0\u1eddi l\u1edbn t\u1eeb 18 tu\u1ed5i tr\u1edf l\u00ean,<\/li>\n<li><strong>Nh\u00e0 s\u1ea3n xu\u1ea5t<\/strong>: NICOTOBACCO FACTORY.<\/li>\n<li><strong>Quy c\u00e1ch \u0111\u00f3ng g\u00f3i<\/strong>: 20 t\u00fai\/h\u1ed9p.<\/li>\n<li><strong>Tr\u1ecdng l\u01b0\u1ee3ng g\u00f3<\/strong>i: 0.7g.<\/li>\n<li><strong>H\u00e0m l\u01b0\u1ee3ng nicotine<\/strong>: 43mg\/t\u00fai.<\/li>\n<li><strong>H\u01b0\u01a1ng v\u1ecb<\/strong>: Qu\u1ea3 xo\u00e0i(Mango).<\/li>\n<li><strong>Made in:<\/strong> Ba Lan<\/li>\n<\/ul>\n<p>M\u1ee9c \u0111\u1ed9 an to\u00e0n cho ng\u01b0\u1eddi xung quanh: 99.9%.<\/p>\n<p><span style=\"color: #008000;\"><strong>Ch\u00fang t\u00f4i l\u00e0 nh\u00e0 ph\u00e2n ph\u1ed1i ch\u00ednh th\u1ee9c v\u00e0 \u0111\u1ed9c quy\u1ec1n t\u1ea1i Vi\u1ec7t Nam, \u0111\u1ea3m b\u1ea3o ch\u1ea5t l\u01b0\u1ee3ng v\u00e0 gi\u00e1 c\u1ea3 h\u1ee3p l\u00fd.<\/strong><\/span><\/p>\n<p><span style=\"color: #ff0000;\"><strong>Mua 5 gi\u1ea3m 5%<\/strong><\/span><br \/>\n<span style=\"color: #ff0000;\"><strong>Mua 10 gi\u1ea3m 10%<\/strong><\/span><\/p>\n<p>s\u1ea3n ph\u1ea9m n\u00e0y l\u00e0 snus t\u00fai nicotine, kh\u00f4ng c\u00f3 nguy\u00ean li\u1ec7u thu\u1ed1c l\u00e1, d\u00f9ng thay th\u1ebf cho thu\u1ed1c l\u00e1 \u0111i\u1ec7n t\u1eed, thu\u1ed1c kh\u00f3i truy\u1ec1n th\u1ed1ng, \u0111\u1eb7c bi\u1ec7t l\u00e0 kh\u00f4ng kh\u00f3i, d\u00f9ng xong th\u01a1m mi\u1ec7ng, kh\u00f4ng g\u00e2y h\u1ea1i ph\u1ed5i v\u00e0 ti\u1ec7n mang, ti\u1ec7n d\u00f9ng t\u1ea1i b\u1ea5t c\u1ee9 \u0111\u00e2u, ngay c\u1ea3 trong ph\u00f2ng \u0111i\u1ec1u ho\u00e0 hay c\u00f4ng s\u1edf, an to\u00e0n v\u1edbi ng\u01b0\u1eddi xung quanh \u1ea1.<\/p>","protected":false},"featured_media":6247,"comment_status":"open","ping_status":"closed","template":"","meta":[],"product_brand":[300,339],"product_cat":[305,336,310,255],"product_tag":[247,248,249,246,254,250,282,245,251,232,230,231,229],"class_list":{"0":"post-6251","1":"product","2":"type-product","3":"status-publish","4":"has-post-thumbnail","6":"product_brand-authentic-cuba-snus-in-viet-nam","7":"product_brand-cuba-black","8":"product_cat-43mg-pouch","9":"product_cat-cuba-black","10":"product_cat-cuba-snus","11":"product_cat-nicotine-level","12":"product_tag-nicotine-pouch","13":"product_tag-nicotine-pouch-hanoi","14":"product_tag-nicotine-pouch-saigon","15":"product_tag-nicotine-pouch-vietnam","16":"product_tag-nicotine-pouches","17":"product_tag-nicotine-pouches-vietnam","18":"product_tag-snus-lab-vietnam","19":"product_tag-snus-pouch","20":"product_tag-tabacco","21":"product_tag-thuoc-la-ngam","22":"product_tag-thuoc-la-ngam-snus","23":"product_tag-thuoc-la-snus","24":"product_tag-tui-ngam-nicotine","26":"first","27":"instock","28":"sale","29":"shipping-taxable","30":"purchasable","31":"product-type-simple"},"_links":{"self":[{"href":"https:\/\/snus.vn\/en\/wp-json\/wp\/v2\/product\/6251","targetHints":{"allow":["GET"]}}],"collection":[{"href":"https:\/\/snus.vn\/en\/wp-json\/wp\/v2\/product"}],"about":[{"href":"https:\/\/snus.vn\/en\/wp-json\/wp\/v2\/types\/product"}],"replies":[{"embeddable":true,"href":"https:\/\/snus.vn\/en\/wp-json\/wp\/v2\/comments?post=6251"}],"wp:featuredmedia":[{"embeddable":true,"href":"https:\/\/snus.vn\/en\/wp-json\/wp\/v2\/media\/6247"}],"wp:attachment":[{"href":"https:\/\/snus.vn\/en\/wp-json\/wp\/v2\/media?parent=6251"}],"wp:term":[{"taxonomy":"product_brand","embeddable":true,"href":"https:\/\/snus.vn\/en\/wp-json\/wp\/v2\/product_brand?post=6251"},{"taxonomy":"product_cat","embeddable":true,"href":"https:\/\/snus.vn\/en\/wp-json\/wp\/v2\/product_cat?post=6251"},{"taxonomy":"product_tag","embeddable":true,"href":"https:\/\/snus.vn\/en\/wp-json\/wp\/v2\/product_tag?post=6251"}],"curies":[{"name":"wp","href":"https:\/\/api.w.org\/{rel}","templated":true}]}}